{"id":66,"date":"2024-06-27T17:46:26","date_gmt":"2024-06-27T15:46:26","guid":{"rendered":"http:\/\/quantiflexsim.com\/?page_id=66"},"modified":"2025-07-11T00:20:43","modified_gmt":"2025-07-10T22:20:43","slug":"about-us","status":"publish","type":"page","link":"https:\/\/quantiflexsim.com\/fr\/about-us\/","title":{"rendered":"A propos de nous"},"content":{"rendered":"<h2 class=\"wp-block-heading has-large-font-size\">Notre vision<\/h2>\n\n\n\n<p class=\"has-text-align-left\">Bienvenue chez Quantiflex Simulations, o\u00f9 nous nous engageons \u00e0 rendre la simulation num\u00e9rique accessible \u00e0 tous. Notre mission est de <strong>r\u00e9duire les barri\u00e8res techniques<\/strong> qui freinent encore trop souvent l\u2019acc\u00e8s aux outils de simulation scientifique avanc\u00e9e. <\/p>\n\n\n\n<p class=\"has-text-align-left\">Nous sommes convaincus que chacun \u2014 du <strong>technicien \u00e0 l\u2019ing\u00e9nieur R&amp;D<\/strong>\u2014 devrait pouvoir exploiter la puissance des simulations de pointe <strong>sans compromis sur la rigueur scientifique<\/strong>. Chez Quantiflex Simulations, nous \u0153uvrons \u00e0 d\u00e9mocratiser la simulation num\u00e9rique en proposant des outils \u00e0 la fois conviviaux, pr\u00e9cis et fiables.<\/p>\n\n\n\n<h2 class=\"wp-block-heading has-large-font-size\">Notre \u00e9quipe<\/h2>\n\n\n\n<p>Pour concr\u00e9tiser cette vision, nous avons r\u00e9uni une \u00e9quipe qui partage cette passion et ambition. <strong><a href=\"https:\/\/www.linkedin.com\/in\/paris-mulye\/\" target=\"_blank\" rel=\"noopener\" title=\"\">Paris Mulye<\/a><\/strong>, dirigeant nos d\u00e9veloppements, titulaire d\u2019un doctorat en <strong>m\u00e9canique num\u00e9rique<\/strong> , est sp\u00e9cialis\u00e9 dans la mod\u00e9lisation des mat\u00e9riaux composites et leurs proc\u00e9d\u00e9s de fabrication. Fort de plus de cinq ans d\u2019exp\u00e9rience industrielle dans le d\u00e9veloppement de logiciels de simulation, il est \u00e9galement expert en d\u00e9veloppement full-stack et en calcul intensif (HPC).<\/p>\n\n\n\n<p><strong><a href=\"https:\/\/www.linkedin.com\/in\/elenasyerko\/\" target=\"_blank\" rel=\"noopener\" title=\"\">Elena Syerko<\/a><\/strong>, chercheuse exp\u00e9riment\u00e9e \u00e0 <a href=\"https:\/\/www.ec-nantes.fr\" target=\"_blank\" rel=\"noopener\" title=\"\"><strong>Centrale Nantes<\/strong><\/a>, est sp\u00e9cialis\u00e9e en mod\u00e9lisation num\u00e9rique des mat\u00e9riaux et en <strong>simulation multiphysique<\/strong>. Docteure depuis 2012, elle apporte au sein de Quantiflex Simulations plus de dix ans d\u2019exp\u00e9rience en R&amp;D. Elle joue un r\u00f4le cl\u00e9 dans la direction scientifique de nos projets, en favorisant l\u2019innovation de nos produits et services. En tant que liaison entre le <a href=\"https:\/\/gem.ec-nantes.fr\" target=\"_blank\" rel=\"noopener\" title=\"\"><strong>laboratoire GeM<\/strong><\/a> de Centrale Nantes et Quantiflex Simulations, elle contribue activement \u00e0 l\u2019\u00e9volution de nos solutions technologiques.<\/p>\n\n\n\n<p><strong><a href=\"https:\/\/www.linkedin.com\/in\/christophe-binetruy-565a1911\/\" target=\"_blank\" rel=\"noopener\" title=\"\">Christophe Binetruy<\/a><\/strong>, professeur reconnu \u00e0 Centrale Nantes et Vice-Pr\u00e9sident Entrepreneuriat de Nantes Universit\u00e9, met \u00e0 profit plus de 30 ans d\u2019expertise dans <strong>l'\u00e9tude et la mod\u00e9lisation des proc\u00e9d\u00e9s de fabrication des composites<\/strong>. En tant que conseiller scientifique, il oriente notre strat\u00e9gie de d\u00e9veloppement et enrichit nos produits gr\u00e2ce \u00e0 sa vision. Il s\u2019implique \u00e9galement dans la strat\u00e9gie globale de la startup, ainsi que dans le pilotage des actions commerciales et marketing.<\/p>\n\n\n\n<p><\/p>","protected":false},"excerpt":{"rendered":"<p>Our Vision Welcome to Quantiflex Simulations, where we are dedicated to making numerical simulations accessible to everyone. Our mission is to reduce the technical barriers that often prevent access to advanced scientific simulations. We believe that everyone, from technicians to R&amp;D personnel, should have the opportunity to leverage the power of cutting-edge simulations without compromising [&hellip;]<\/p>","protected":false},"author":1,"featured_media":0,"parent":0,"menu_order":0,"comment_status":"closed","ping_status":"closed","template":"","meta":{"om_disable_all_campaigns":false,"_monsterinsights_skip_tracking":false,"_monsterinsights_sitenote_active":false,"_monsterinsights_sitenote_note":"","_monsterinsights_sitenote_category":0,"footnotes":""},"categories":[10],"tags":[],"class_list":["post-66","page","type-page","status-publish","hentry","category-en"],"aioseo_notices":[],"_links":{"self":[{"href":"https:\/\/quantiflexsim.com\/fr\/wp-json\/wp\/v2\/pages\/66","targetHints":{"allow":["GET"]}}],"collection":[{"href":"https:\/\/quantiflexsim.com\/fr\/wp-json\/wp\/v2\/pages"}],"about":[{"href":"https:\/\/quantiflexsim.com\/fr\/wp-json\/wp\/v2\/types\/page"}],"author":[{"embeddable":true,"href":"https:\/\/quantiflexsim.com\/fr\/wp-json\/wp\/v2\/users\/1"}],"replies":[{"embeddable":true,"href":"https:\/\/quantiflexsim.com\/fr\/wp-json\/wp\/v2\/comments?post=66"}],"version-history":[{"count":8,"href":"https:\/\/quantiflexsim.com\/fr\/wp-json\/wp\/v2\/pages\/66\/revisions"}],"predecessor-version":[{"id":138,"href":"https:\/\/quantiflexsim.com\/fr\/wp-json\/wp\/v2\/pages\/66\/revisions\/138"}],"wp:attachment":[{"href":"https:\/\/quantiflexsim.com\/fr\/wp-json\/wp\/v2\/media?parent=66"}],"wp:term":[{"taxonomy":"category","embeddable":true,"href":"https:\/\/quantiflexsim.com\/fr\/wp-json\/wp\/v2\/categories?post=66"},{"taxonomy":"post_tag","embeddable":true,"href":"https:\/\/quantiflexsim.com\/fr\/wp-json\/wp\/v2\/tags?post=66"}],"curies":[{"name":"wp","href":"https:\/\/api.w.org\/{rel}","templated":true}]}}