{"id":3,"date":"2024-06-17T08:47:23","date_gmt":"2024-06-17T08:47:23","guid":{"rendered":"http:\/\/quantiflexsim.com\/?page_id=3"},"modified":"2025-07-11T18:02:48","modified_gmt":"2025-07-11T16:02:48","slug":"privacy-policy","status":"publish","type":"page","link":"https:\/\/quantiflexsim.com\/fr\/privacy-policy\/","title":{"rendered":"Politique de confidentialit\u00e9"},"content":{"rendered":"<ol start=\"1\" class=\"wp-block-list\">\n<li><strong>G\u00e9n\u00e9ralit\u00e9s<\/strong><\/li>\n<\/ol>\n\n\n\n<p>\nLa soci\u00e9t\u00e9 QUANTIFLEX SIMULATIONS telle que d\u00e9finie ci-dessous a toujours \u00e9t\u00e9 soucieuse de la protection de vos donn\u00e9es \u00e0 caract\u00e8re personnel (ci-apr\u00e8s \u00ab Donn\u00e9es \u00bb).\n<\/p>\n\n\n\n<p>C\u2019est pourquoi vos\u202fDonn\u00e9es\u202ftelles que d\u00e9finies ci-dessous sont trait\u00e9es de mani\u00e8re s\u00e9curis\u00e9e et en conformit\u00e9 avec le R\u00e8glement UE n\u00b0 2016\/679 du Parlement Europ\u00e9en et du Conseil du 27 avril 2016 relatif \u00e0 la Protection des Personnes Physiques \u00e0 l\u2019\u00e9gard du traitement des Donn\u00e9es \u00e0 caract\u00e8re personnel et \u00e0 la libre circulation de ces Donn\u00e9es (RGPD) et avec l\u2019ensemble de la r\u00e9glementation fran\u00e7aise applicable en la mati\u00e8re notamment la loi n\u00b0 78-17 du 6 janvier 1978 relative \u00e0 l\u2019informatique, aux fichiers et aux libert\u00e9s modifi\u00e9e (LIL).&nbsp;&nbsp;<\/p>\n\n\n\n<p>Le pr\u00e9sent document est destin\u00e9 \u00e0 vous pr\u00e9senter les traitements que la soci\u00e9t\u00e9 QUANTIFLEX SIMULATIONS r\u00e9alise sur vos Donn\u00e9es\u202fnotamment dans le cadre de l\u2019utilisation du site internet <a>https:\/\/quantiflexsim.com\/<\/a> (ci-apr\u00e8s le \u00ab\u202fSite\u202f\u00bb).&nbsp;<\/p>\n\n\n\n<ol start=\"2\" class=\"wp-block-list\">\n<li><strong>Responsable de traitement et contact&nbsp;<\/strong>&nbsp;<\/li>\n<\/ol>\n\n\n\n<ul class=\"wp-block-list\">\n<li>La soci\u00e9t\u00e9 QUANTIFLEX SIMULATIONS (ci-apr\u00e8s \u00ab\u202fQUANTIFLEX SIMULATIONS\u202f\u00bb) agit comme responsable de traitement.&nbsp;<\/li>\n<\/ul>\n\n\n\n<p>Soci\u00e9t\u00e9 par actions simplifi\u00e9e, au capital de 15\u202f000 \u20ac immatricul\u00e9e au RCS de Nantes sous le num\u00e9ro 937\u202f962\u202f496.&nbsp;<\/p>\n\n\n\n<p>Adresse postale\u202f: 1 Rue de la No\u00eb, 44300 Nantes&nbsp;<\/p>\n\n\n\n<ul class=\"wp-block-list\">\n<li>R\u00e9f\u00e9rent \u00e0 la protection de vos Donn\u00e9es\u202f:&nbsp;<\/li>\n<\/ul>\n\n\n\n<p>Vous pouvez \u00e0 tout moment contacter le r\u00e9f\u00e9rent \u00e0 la protection de vos\u202fDonn\u00e9es de QUANTIFLEX SIMULATIONS en lui envoyant un courriel \u00e0 <a href=\"mailto:paris.mulye@quantiflexsim.com\">paris.mulye@quantiflexsim.com<\/a> ou un courrier \u00e0 l\u2019adresse postale renseign\u00e9e ci-dessus.&nbsp;<\/p>\n\n\n\n<p>Il vous r\u00e9pondra dans les meilleurs d\u00e9lais et dans le d\u00e9lai maximum de 30 jours \u00e0 compter de la date de r\u00e9ception de votre demande ou le cas \u00e9ch\u00e9ant, de la date de r\u00e9ception de la preuve de votre identit\u00e9.&nbsp;&nbsp;<\/p>\n\n\n\n<ol start=\"3\" class=\"wp-block-list\">\n<li><strong>Fondements l\u00e9gaux du traitement&nbsp;<\/strong>&nbsp;<\/li>\n<\/ol>\n\n\n\n<p>QUANTIFLEX SIMULATIONS proc\u00e8de principalement \u00e0 la collecte, l\u2019enregistrement, l\u2019organisation, la structuration, la conservation, l\u2019utilisation et la diffusion de vos Donn\u00e9es.&nbsp;<\/p>\n\n\n\n<p>Vous trouverez ci-dessous le tableau des finalit\u00e9s et des fondements l\u00e9gaux autorisant de QUANTIFLEX SIMULATIONS \u00e0 traiter ainsi vos Donn\u00e9es (article 6 du RGPD). Les finalit\u00e9s d\u00e9crites ci-dessous pourront \u00e9voluer en restant n\u00e9anmoins coh\u00e9rentes avec les finalit\u00e9s initiales.&nbsp;<\/p>\n\n\n\n<figure class=\"wp-block-table\"><table class=\"has-fixed-layout\"><tbody><tr><td>FINALIT\u00c9S&nbsp;<\/td><td>FONDEMENTS L\u00c9GAUX&nbsp;<\/td><\/tr><tr><td><strong>Ex\u00e9cution des prestations de services et gestion de relation client<\/strong>&nbsp;<br>Prestations de services informatiques convenues entre QUANTIFLEX SIMULATIONS et le client.&nbsp;&nbsp;&nbsp;<\/td><td>En ex\u00e9cution d\u2019un contrat\u202fentre QUANTIFLEX SIMULATIONS et le client (contrat bilat\u00e9ral, conditions g\u00e9n\u00e9rales, etc.)&nbsp;<\/td><\/tr><tr><td><strong>Optimiser votre navigation<\/strong> sur le Site&nbsp;<\/td><td>Consentement pr\u00e9alable&nbsp;<\/td><\/tr><tr><td><strong>R\u00e9pondre \u00e0 vos demandes<\/strong> <strong>de renseignements, de devis, etc.<\/strong> notamment via le formulaire de contact&nbsp;&nbsp;<\/td><td>&#8211; Consentement pr\u00e9alable&nbsp;<br>&#8211; Ex\u00e9cution des mesures pr\u00e9contractuelles prises \u00e0 la demande des personnes concern\u00e9es&nbsp;&nbsp;<\/td><\/tr><tr><td><strong>Promouvoir et faire rayonner les activit\u00e9s de QUANTIFLEX SIMULATIONS<\/strong> : organiser des \u00e9v\u00e9nements, organiser la prospection des clients, vous adresser les informations\/actualit\u00e9s sur les \u00e9v\u00e9nements et nouveaux services de QUANTIFLEX SIMULATIONS etc.&nbsp;<\/td><td>&#8211; Int\u00e9r\u00eats l\u00e9gitimes&nbsp;<br>&#8211; Consentement pr\u00e9alable&nbsp;<\/td><\/tr><tr><td><strong>R\u00e9pondre \u00e0 vos demandes fond\u00e9es sur l\u2019exercice de vos droits<\/strong> (article 8 ci-dessous)&nbsp;&nbsp;<\/td><td>Obligation l\u00e9gale (chapitre III du RGPD \u00ab\u202fDroits de la personne concern\u00e9e\u202f\u00bb)&nbsp;<\/td><\/tr><tr><td>Lutter contre la fraude et la s\u00e9curisation du Site&nbsp;&nbsp;<\/td><td>Int\u00e9r\u00eats l\u00e9gitimes&nbsp;<\/td><\/tr><\/tbody><\/table><\/figure>\n\n\n\n<ol start=\"4\" class=\"wp-block-list\">\n<li><strong>Les Donn\u00e9es concern\u00e9es par les diff\u00e9rents traitements<\/strong>&nbsp;<\/li>\n<\/ol>\n\n\n\n<p>Seules les Donn\u00e9es n\u00e9cessaires aux finalit\u00e9s vis\u00e9es par le traitement concern\u00e9 font l\u2019objet d\u2019un traitement.&nbsp;&nbsp;<\/p>\n\n\n\n<p>Certaines Donn\u00e9es sont collect\u00e9es directement aupr\u00e8s de vous ou bien indirectement, d\u2019autres automatiquement.&nbsp;&nbsp;<\/p>\n\n\n\n<ol start=\"1\" class=\"wp-block-list\">\n<li><strong>Donn\u00e9es collect\u00e9es directement aupr\u00e8s de vous&nbsp;<\/strong>&nbsp;<\/li>\n<\/ol>\n\n\n\n<p>Le consentement au traitement de vos Donn\u00e9es est recueilli directement et explicitement aupr\u00e8s de vous. Vous pouvez \u00e0 tout moment exercer vos droits tels que d\u00e9crits \u00e0 l\u2019article 9 ci-apr\u00e8s.&nbsp;&nbsp;<\/p>\n\n\n\n<p>Dans l\u2019hypoth\u00e8se o\u00f9 vos Donn\u00e9es sont collect\u00e9es par le biais d\u2019un formulaire, vous serez inform\u00e9 du caract\u00e8re obligatoire ou facultatif des informations \u00e0 c\u00f4t\u00e9 des champs concern\u00e9s, par l\u2019indication d\u2019un ast\u00e9risque.&nbsp;&nbsp;<\/p>\n\n\n\n<figure class=\"wp-block-table\"><table class=\"has-fixed-layout\"><tbody><tr><td><strong>Personne concern\u00e9e par le traitement<\/strong>&nbsp;<\/td><td><strong>Donn\u00e9es susceptibles d\u2019\u00eatre collect\u00e9es<\/strong>&nbsp;<\/td><\/tr><tr><td>Clients et Prospects&nbsp;<\/td><td>&#8211; Identit\u00e9\u202f: Nom, pr\u00e9nom(s), d\u00e9nomination sociale&nbsp;<br>&#8211; Coordonn\u00e9es\u202f: adresse \u00e9lectronique, adresse postale, num\u00e9ros de t\u00e9l\u00e9phone&nbsp;&nbsp;<br>&#8211; Qualit\u00e9\u202f: fonction exerc\u00e9e au sein de l\u2019entreprise cliente&nbsp;&nbsp;&nbsp;<\/td><\/tr><tr><td>Candidats&nbsp;&nbsp;<\/td><td>&#8211; CV&nbsp;<br>&#8211; Lettre de motivation \/ de recommandation&nbsp;<\/td><\/tr><\/tbody><\/table><\/figure>\n\n\n\n<ol start=\"2\" class=\"wp-block-list\">\n<li><strong>Donn\u00e9es collect\u00e9es indirectement<\/strong>&nbsp;<\/li>\n<\/ol>\n\n\n\n<p>QUANTIFLEX SIMULATIONS est susceptible de collecter indirectement les Donn\u00e9es.&nbsp;&nbsp;<\/p>\n\n\n\n<p>Dans tous les cas, QUANTIFLEX SIMULATIONS s\u2019engage \u00e0 respecter les dispositions de l\u2019article 14 du RGPD.&nbsp;<\/p>\n\n\n\n<ol start=\"3\" class=\"wp-block-list\">\n<li><strong>Donn\u00e9es collect\u00e9es automatiquement&nbsp;<\/strong>&nbsp;<\/li>\n<\/ol>\n\n\n\n<p>QUANTIFLEX SIMULATIONS est susceptible de collecter automatiquement les Donn\u00e9es relatives \u00e0 votre connexion d\u00e8s lors que vous utilisez le Site\u202f:&nbsp;&nbsp;<\/p>\n\n\n\n<ul class=\"wp-block-list\">\n<li>Les traces de connexion (login, adresse IP, date et heure)&nbsp;&nbsp;<\/li>\n<\/ul>\n\n\n\n<ul class=\"wp-block-list\">\n<li>Les Donn\u00e9es d\u2019usage du Site (modules, menus)&nbsp;&nbsp;<\/li>\n<\/ul>\n\n\n\n<ul class=\"wp-block-list\">\n<li>Les Donn\u00e9es que vous renseignez au sein de vos commentaires sur le Site&nbsp;<\/li>\n<\/ul>\n\n\n\n<p>En ce qui concerne le d\u00e9p\u00f4t de cookies, QUANTIFLEX SIMULATIONS vous invite \u00e0 consulter sa <a href=\"https:\/\/quantiflexsim.com\/fr\/cookies\/\" title=\"\">politique de cookies<\/a>.\u00a0\u00a0<\/p>\n\n\n\n<ol start=\"5\" class=\"wp-block-list\">\n<li><strong>Les destinataires des Donn\u00e9es<\/strong>&nbsp;&nbsp;<\/li>\n<\/ol>\n\n\n\n<p>Les Donn\u00e9es collect\u00e9es sur le Site sont destin\u00e9es \u00e0\/au(x)\u202f:&nbsp;&nbsp;<\/p>\n\n\n\n<ul class=\"wp-block-list\">\n<li>QUANTIFLEX SIMULATIONS et son personnel\u202f;&nbsp;&nbsp;<\/li>\n<\/ul>\n\n\n\n<ul class=\"wp-block-list\">\n<li>Partenaires avec lesquels QUANTIFLEX SIMULATIONS aura conclu un contrat exigeant le respect des dispositions l\u00e9gales de protection des donn\u00e9es personnelles ;&nbsp;<\/li>\n<\/ul>\n\n\n\n<ul class=\"wp-block-list\">\n<li>Sous-traitants de QUANTIFLEX SIMULATIONS notamment\u202f:&nbsp;&nbsp;<\/li>\n<\/ul>\n\n\n\n<p class=\"has-text-align-right\">H\u00e9bergement\u202f: Soci\u00e9t\u00e9 OVH SAS, 2 rue Kellermann, 59100 Roubaix, France&nbsp;<\/p>\n\n\n\n<p>QUANTIFLEX SIMULATIONS exige de ses sous-traitants et de son personnel qu\u2019ils accordent une attention particuli\u00e8re \u00e0 la confidentialit\u00e9 et \u00e0 la s\u00e9curit\u00e9 des Donn\u00e9es.&nbsp;&nbsp;<\/p>\n\n\n\n<ol start=\"6\" class=\"wp-block-list\">\n<li><strong>Dur\u00e9e de conservation des Donn\u00e9es<\/strong>&nbsp;<\/li>\n<\/ol>\n\n\n\n<p>QUANTIFLEX SIMULATIONS conserve vos Donn\u00e9es aussi longtemps qu\u2019il est tenu de le faire en vertu des lois en vigueur et des finalit\u00e9s d\u00e9finies ci-dessus.&nbsp;<\/p>\n\n\n\n<p>Vous trouverez ci-dessous les dur\u00e9es de conservation de vos Donn\u00e9es.&nbsp;<\/p>\n\n\n\n<figure class=\"wp-block-table\"><table class=\"has-fixed-layout\"><tbody><tr><td><strong>Finalit\u00e9s&nbsp;<\/strong>&nbsp;<\/td><td><strong>Donn\u00e9es<\/strong>&nbsp;<\/td><td><strong>Dur\u00e9e de conservation<\/strong>&nbsp;<\/td><\/tr><tr><td>Gestion des clients&nbsp;<\/td><td>Donn\u00e9es des clients&nbsp;&nbsp;<\/td><td>Toute la dur\u00e9e de la relation contractuelle et les 3 ans suivant la derni\u00e8re activit\u00e9 recens\u00e9e&nbsp;&nbsp;<\/td><\/tr><tr><td>Gestion des prospects&nbsp;<\/td><td>Donn\u00e9es des prospects&nbsp;<\/td><td>3 ans \u00e0 compter de la fin de la relation commerciale ou du dernier contact&nbsp;<\/td><\/tr><tr><td>Donn\u00e9es de trafic&nbsp;<\/td><td>Cookies &#8211; Adresse IP, de la date, de l\u2019heure et de la dur\u00e9e de chaque connexion ou encore des informations permettant d\u2019identifier le destinataire d\u2019une communication.&nbsp;<\/td><td>13 mois \u00e0 compter de la collecte&nbsp;<\/td><\/tr><tr><td>Gestion des candidats&nbsp;<\/td><td>Donn\u00e9es des candidats&nbsp;<\/td><td>2 ans apr\u00e8s le dernier contact avec le candidat et dur\u00e9e plus longue si consentement expr\u00e8s du candidat&nbsp;&nbsp;<\/td><\/tr><\/tbody><\/table><\/figure>\n\n\n\n<p>Lorsque vous avez mis fin \u00e0 l\u2019utilisation de nos services, nous sommes susceptibles de stocker vos Donn\u00e9es sous un format agr\u00e9g\u00e9 ou anonymis\u00e9.&nbsp;<\/p>\n\n\n\n<p>En outre, nonobstant les dur\u00e9es pr\u00e9cit\u00e9es, nous pourrons \u00e9galement conserver vos Donn\u00e9es comme raisonnablement n\u00e9cessaires pour nous conformer \u00e0 nos obligations juridiques, nous permettre de r\u00e9soudre et de plaider des litiges, et faire appliquer nos accords.&nbsp;<\/p>\n\n\n\n<ol start=\"7\" class=\"wp-block-list\">\n<li><strong>La s\u00e9curit\u00e9 et le stockage des Donn\u00e9es<\/strong>&nbsp;<\/li>\n<\/ol>\n\n\n\n<p>QUANTIFLEX SIMULATIONS s\u2019engage \u00e0 assurer la s\u00e9curit\u00e9 et la confidentialit\u00e9 de vos Donn\u00e9es conform\u00e9ment aux r\u00e8gles de l\u2019art, c\u2019est-\u00e0-dire en exigeant un niveau de protection ad\u00e9quat tel que le pr\u00e9conise la CNIL.&nbsp;&nbsp;<\/p>\n\n\n\n<p>QUANTIFLEX SIMULATIONS teste r\u00e9guli\u00e8rement ses proc\u00e9dures internes autant en cas d\u2019incident technique que physique afin de vous garantir et de maintenir un niveau de r\u00e9activit\u00e9 et d\u2019efficacit\u00e9 optimum.&nbsp;&nbsp;&nbsp;<\/p>\n\n\n\n<p>Toutefois, au vu de la structure d\u2019Internet et des r\u00e9seaux, QUANTIFLEX SIMULATIONS ne peut s\u2019engager au titre d\u2019une obligation de s\u00e9curit\u00e9 de r\u00e9sultat. En cas de d\u00e9tection d\u2019une faille de s\u00e9curit\u00e9 susceptible d\u2019engendrer un risque \u00e9lev\u00e9 pour vos droits et libert\u00e9s, QUANTIFLEX SIMULATIONS s\u2019engage \u00e0 vous informer dans les meilleurs d\u00e9lais et \u00e0 prendre dans la mesure du possible, les meilleurs moyens pour neutraliser l\u2019intrusion et en minimiser les impacts.&nbsp;<\/p>\n\n\n\n<p>QUANTIFLEX SIMULATIONS proc\u00e8de r\u00e9guli\u00e8rement \u00e0 des sauvegardes de vos Donn\u00e9es afin de limiter les impacts d\u2019une faille de s\u00e9curit\u00e9.&nbsp;<\/p>\n\n\n\n<p>Vos donn\u00e9es sont h\u00e9berg\u00e9es chez OVH en France, dans le respect des dispositions du RGPD.&nbsp;<\/p>\n\n\n\n<ol start=\"8\" class=\"wp-block-list\">\n<li><strong>Pour exercer vos droits&nbsp;<\/strong>&nbsp;<\/li>\n<\/ol>\n\n\n\n<p>Vous pouvez de plein droit acc\u00e9der aux Donn\u00e9es que nous d\u00e9tenons sur vous et corriger, mettre \u00e0 jour, rectifier, supprimer, effacer ou modifier de toute autre fa\u00e7on vos Donn\u00e9es d\u00e8s lors qu\u2019elles sont inexactes, ou ont \u00e9t\u00e9 trait\u00e9es en violation des r\u00e9glementations en vigueur en mati\u00e8re de protection des Donn\u00e9es.&nbsp;&nbsp;<\/p>\n\n\n\n<p>Vous pouvez \u00e9galement vous opposer au(x) traitement(s) ou exercer votre droit \u00e0 la portabilit\u00e9.&nbsp;&nbsp;<\/p>\n\n\n\n<p>Pour exercer vos droits,\u202fvous pouvez envoyer un courriel au r\u00e9f\u00e9rent \u00e0 la protection des donn\u00e9es dont les coordonn\u00e9es figurent \u00e0 l\u2019article 2 ci-dessus.&nbsp;&nbsp;<\/p>\n\n\n\n<p>Dans ce cadre, vous accompagnerez votre demande des \u00e9l\u00e9ments n\u00e9cessaires \u00e0 votre identification (nom, pr\u00e9nom, courriel) ainsi que toute autre information n\u00e9cessaire \u00e0 la confirmation de votre identit\u00e9. En cas de doute, QUANTIFLEX SIMULATIONS pourra vous demander la copie de votre carte d\u2019identit\u00e9 conform\u00e9ment aux dispositions de la r\u00e9glementation applicable.&nbsp;<\/p>\n\n\n\n<p>QUANTIFLEX SIMULATIONS s\u2019engage \u00e0 consid\u00e9rer l\u2019exercice de vos droits dans les meilleurs d\u00e9lais sauf dans le cas o\u00f9 la loi ou un motif l\u00e9gitime leur impose de conserver certaines de vos Donn\u00e9es.&nbsp;&nbsp;<\/p>\n\n\n\n<p>QUANTIFLEX SIMULATIONS se r\u00e9serve la possibilit\u00e9 de facturer les co\u00fbts r\u00e9els li\u00e9s \u00e0 votre demande dans les limites \u00e9dict\u00e9es par la CNIL.&nbsp;&nbsp;<\/p>\n\n\n\n<p>En cas de r\u00e9ponse insatisfaisante, vous pouvez introduire une r\u00e9clamation aupr\u00e8s de la Commission nationale de l\u2019informatique et des libert\u00e9s (CNIL) :\u202f<a href=\"https:\/\/www.cnil.fr\/fr\/plaintes\" target=\"_blank\" rel=\"noreferrer noopener\">https:\/\/www.cnil.fr\/fr\/plaintes<\/a> ou par voie postale \u00e0 l\u2019adresse\u202f: Commission nationale de l\u2019informatique et des libert\u00e9s\u202f(CNIL) &#8211; 3 place de Fontenoy, TSA 80715 &#8211; 75334 PARIS CEDEX 07.&nbsp;<\/p>\n\n\n\n<p>Pour plus d\u2019informations sur les donn\u00e9es \u00e0 caract\u00e8re personnel, vous pouvez vous rendre sur le site internet de la CNIL\u202f: <a href=\"https:\/\/www.cnil.fr\" target=\"_blank\" rel=\"noreferrer noopener\">https:\/\/www.cnil.fr<\/a>.&nbsp;<\/p>\n\n\n\n<ol start=\"9\" class=\"wp-block-list\">\n<li><strong>Modification de la politique de protection des Donn\u00e9es<\/strong>&nbsp;<\/li>\n<\/ol>\n\n\n\n<p>QUANTIFLEX SIMULATIONS se r\u00e9serve le droit de modifier le pr\u00e9sent document notamment pour respecter les dispositions l\u00e9gales et r\u00e9glementaires applicables en cette mati\u00e8re. QUANTIFLEX SIMULATIONS le mettra \u00e0 jour sur son site Internet <a href=\"https:\/\/quantiflexsim.com\/fr\/\" target=\"_blank\" rel=\"noreferrer noopener\">https:\/\/quantiflexsim.com\/<\/a> d\u00e8s son entr\u00e9e en vigueur.&nbsp;&nbsp;<\/p>\n\n\n\n<p>QUANTIFLEX SIMULATIONS d\u00e9ploiera des efforts commercialement raisonnables pour informer en g\u00e9n\u00e9ral tous les utilisateurs de modifications substantielles de la pr\u00e9sente politique de confidentialit\u00e9, notamment par l&#8217;interm\u00e9diaire d&#8217;un avis sur notre Site.&nbsp;<\/p>\n\n\n\n<p>N\u00e9anmoins, vous devrez consulter r\u00e9guli\u00e8rement la pr\u00e9sente politique. Pour vous faciliter le suivi, QUANTIFLEX SIMULATIONS mettra \u00e0 jour la date de \u00ab Derni\u00e8re mise \u00e0 jour \u00bb indiqu\u00e9e au d\u00e9but du pr\u00e9sent document, qui traduit la date de prise d\u2019effet de la pr\u00e9sente politique de confidentialit\u00e9.&nbsp;&nbsp;<\/p>\n\n\n\n<p>Votre poursuite de l&#8217;acc\u00e8s aux services ou de l&#8217;utilisation de ceux-ci apr\u00e8s la date de mise \u00e0 jour vaut acceptation de votre part. Si vous n&#8217;acceptez pas la politique de protection des Donn\u00e9es mise \u00e0 jour, vous devez cesser d&#8217;acc\u00e9der aux services de QUANTIFLEX SIMULATIONS ou de les utiliser.&nbsp;<\/p>","protected":false},"excerpt":{"rendered":"<p>La soci\u00e9t\u00e9 QUANTIFLEX SIMULATIONS telle que d\u00e9finie ci-dessous a toujours \u00e9t\u00e9 soucieuse de la protection de vos donn\u00e9es \u00e0 caract\u00e8re personnel (ci-apr\u00e8s \u00ab Donn\u00e9es \u00bb). C\u2019est pourquoi vos\u202fDonn\u00e9es\u202ftelles que d\u00e9finies ci-dessous sont trait\u00e9es de mani\u00e8re s\u00e9curis\u00e9e et en conformit\u00e9 avec le R\u00e8glement UE n\u00b0 2016\/679 du Parlement Europ\u00e9en et du Conseil du 27 avril 2016 [&hellip;]<\/p>","protected":false},"author":1,"featured_media":0,"parent":0,"menu_order":0,"comment_status":"closed","ping_status":"closed","template":"","meta":{"om_disable_all_campaigns":false,"_monsterinsights_skip_tracking":false,"_monsterinsights_sitenote_active":false,"_monsterinsights_sitenote_note":"","_monsterinsights_sitenote_category":0,"footnotes":""},"categories":[9],"tags":[],"class_list":["post-3","page","type-page","status-publish","hentry","category-fr"],"aioseo_notices":[],"_links":{"self":[{"href":"https:\/\/quantiflexsim.com\/fr\/wp-json\/wp\/v2\/pages\/3","targetHints":{"allow":["GET"]}}],"collection":[{"href":"https:\/\/quantiflexsim.com\/fr\/wp-json\/wp\/v2\/pages"}],"about":[{"href":"https:\/\/quantiflexsim.com\/fr\/wp-json\/wp\/v2\/types\/page"}],"author":[{"embeddable":true,"href":"https:\/\/quantiflexsim.com\/fr\/wp-json\/wp\/v2\/users\/1"}],"replies":[{"embeddable":true,"href":"https:\/\/quantiflexsim.com\/fr\/wp-json\/wp\/v2\/comments?post=3"}],"version-history":[{"count":7,"href":"https:\/\/quantiflexsim.com\/fr\/wp-json\/wp\/v2\/pages\/3\/revisions"}],"predecessor-version":[{"id":139,"href":"https:\/\/quantiflexsim.com\/fr\/wp-json\/wp\/v2\/pages\/3\/revisions\/139"}],"wp:attachment":[{"href":"https:\/\/quantiflexsim.com\/fr\/wp-json\/wp\/v2\/media?parent=3"}],"wp:term":[{"taxonomy":"category","embeddable":true,"href":"https:\/\/quantiflexsim.com\/fr\/wp-json\/wp\/v2\/categories?post=3"},{"taxonomy":"post_tag","embeddable":true,"href":"https:\/\/quantiflexsim.com\/fr\/wp-json\/wp\/v2\/tags?post=3"}],"curies":[{"name":"wp","href":"https:\/\/api.w.org\/{rel}","templated":true}]}}