{"id":110,"date":"2025-07-09T18:41:04","date_gmt":"2025-07-09T16:41:04","guid":{"rendered":"https:\/\/quantiflexsim.com\/?page_id=110"},"modified":"2025-07-09T20:28:41","modified_gmt":"2025-07-09T18:28:41","slug":"cookies","status":"publish","type":"page","link":"https:\/\/quantiflexsim.com\/fr\/cookies\/","title":{"rendered":"Politique de cookies"},"content":{"rendered":"<h4 class=\"wp-block-heading\"><\/h4>\n\n\n\n<h3 class=\"wp-block-heading\">Qu\u2019est-ce qu\u2019un cookie\u202f?&nbsp;&nbsp;<\/h3>\n\n\n\n<p>Un cookie est un fichier texte d\u00e9pos\u00e9 sur votre disque dur par le serveur du Site. Un cookie ne permet cependant pas de vous identifier. Il cr\u00e9e simplement un num\u00e9ro al\u00e9atoire qui enregistre des informations.&nbsp;<\/p>\n\n\n\n<p>Le Site impl\u00e9mente des cookies afin d\u2019analyser et de faciliter votre navigation.&nbsp;<\/p>\n\n\n\n<p>Vous pouvez accepter ou refuser le d\u00e9p\u00f4t de cookies selon le cookie concern\u00e9 en suivant la proc\u00e9dure pr\u00e9vue via le bandeau cookie du Site. Certains cookies sont n\u00e9cessaires \u00e0 l\u2019utilisation du Site. A d\u00e9faut de les accepter, vous ne pouvez pas naviguer sur le Site.&nbsp;&nbsp;<\/p>\n\n\n\n<h3 class=\"wp-block-heading\">Quels sont les cookies concern\u00e9s\u202f?&nbsp;&nbsp;<\/h3>\n\n\n\n<ul class=\"wp-block-list\">\n<li>Les cookies strictement n\u00e9cessaires au fonctionnement du Site et aux services que vous sollicitez. Ces cookies vous permettent de voir le contenu du Site, de contacter l&#8217;entreprise via le formulaire de contact, etc.\u00a0\u00a0\u00a0<\/li>\n<\/ul>\n\n\n\n<ul class=\"wp-block-list\">\n<li>Les cookies analytiques, permettant de conna\u00eetre l\u2019utilisation et les performances de notre Site et d\u2019en am\u00e9liorer le fonctionnement en \u00e9tudiant votre navigation.&nbsp;<\/li>\n<\/ul>\n\n\n\n<p style=\"margin-top:0;margin-bottom:0\">Nous utilisons notamment des services de mesure d\u2019audience nous permettant la bonne administration de notre Site.&nbsp;&nbsp;<\/p>\n\n\n\n<p style=\"margin-top:0;margin-bottom:0\">Nous utilisons Google Analytics.&nbsp;<\/p>\n\n\n\n<ul class=\"wp-block-list\">\n<li>Les cookies fonctionnels ne sont pas strictement n\u00e9cessaires mais permettent une optimisation de votre exp\u00e9rience notamment en adaptant votre parcours sur le Site.&nbsp;<\/li>\n<\/ul>\n\n\n\n<h3 class=\"wp-block-heading\">Combien de temps sont-ils conserv\u00e9s\u202f?&nbsp;&nbsp;<\/h3>\n\n\n\n<p>Ils sont conserv\u00e9s durant maximum 13 mois. \u00c0 l&#8217;expiration de ce d\u00e9lai, votre consentement devra \u00eatre \u00e0 nouveau recueilli.&nbsp;<\/p>\n\n\n\n<h3 class=\"wp-block-heading\">Comment g\u00e9rer mes cookies\u202f?&nbsp;<\/h3>\n\n\n\n<p>Le d\u00e9p\u00f4t des cookies est soumis au consentement.&nbsp;&nbsp;<\/p>\n\n\n\n<p>Vous pouvez lors de votre premi\u00e8re connexion au Site accepter, param\u00e9trer ou refuser les cookies en cliquant sur le bouton correspondant au sein du bandeau cookies.&nbsp;<\/p>\n\n\n\n<p>Les cookies n\u00e9cessaires au fonctionnement du Site et \u00e0 la fourniture des services ne peuvent \u00eatre refus\u00e9s. Vous ne pourrez pas acc\u00e9der au Site sans les accepter.&nbsp;&nbsp;<\/p>\n\n\n\n<p>Les autres cookies peuvent \u00eatre refus\u00e9s mais leur refus d\u00e9grade votre exp\u00e9rience.&nbsp;&nbsp;<\/p>\n\n\n\n<h3 class=\"wp-block-heading\">Comment param\u00e9trer mon navigateur\u202f?&nbsp;&nbsp;<\/h3>\n\n\n\n<p>Vous pouvez d\u00e9sactiver l&#8217;utilisation de cookies en s\u00e9lectionnant les param\u00e8tres appropri\u00e9s dans votre navigateur.&nbsp;<\/p>\n\n\n\n<p><u>Pour Mozilla Firefox :&nbsp;<\/u><\/p>\n\n\n\n<p style=\"margin-top:0;margin-bottom:0\">1. Choisissez le menu \u00ab\u202foutil\u202f\u00bb puis \u00ab\u202foptions\u202f\u00bb,&nbsp;<\/p>\n\n\n\n<p style=\"margin-top:0;margin-bottom:0\">2. Cliquez sur l&#8217;ic\u00f4ne \u00ab\u202fvie priv\u00e9e\u202fet s\u00e9curit\u00e9 \u00bb,&nbsp;<\/p>\n\n\n\n<p style=\"margin-top:0;margin-bottom:0\">3. Rep\u00e9rez le menu \u00ab\u202fr\u00e8gles de conservation\u202f\u00bb et s\u00e9lectionnez les options qui vous conviennent.&nbsp;<\/p>\n\n\n\n<p><u>Pour Microsoft Internet Explorer :&nbsp;<\/u><\/p>\n\n\n\n<p style=\"margin-top:0;margin-bottom:0\">1. Choisissez le menu \u00ab\u202foutils\u202f\u00bb (ou \u00ab\u202ftools\u202f\u00bb), puis \u00ab\u202foptions internet\u202f\u00bb (ou \u00ab\u202finternet options\u202f\u00bb),&nbsp;<\/p>\n\n\n\n<p style=\"margin-top:0;margin-bottom:0\">2. Cliquez sur l&#8217;onglet \u00ab\u202fconfidentialit\u00e9\u202f\u00bb (ou \u00ab\u202fconfidentiality\u202f\u00bb), puis \u00ab\u202fparam\u00e8tres\u202favanc\u00e9s\u202f\u00bb&nbsp;<\/p>\n\n\n\n<p style=\"margin-top:0;margin-bottom:0\">3. S\u00e9lectionnez les options qui vous conviennent.&nbsp;<\/p>\n\n\n\n<p><u>Pour Google Chrome\u202f:&nbsp;<\/u><\/p>\n\n\n\n<p style=\"margin-top:0;margin-bottom:0\">1. Choisissez le menu \u00ab\u202fparam\u00e8tres \u00bb puis \u00ab\u202fparam\u00e8tres avanc\u00e9s\u202f\u00bb puis \u00ab\u202fparam\u00e8tres du contenu\u202f\u00bb,&nbsp;<\/p>\n\n\n\n<p style=\"margin-top:0;margin-bottom:0\">2. Choisissez le menu \u00ab\u202fcookies\u202f\u00bb et s\u00e9lectionnez \u00ab\u202fbloqu\u00e9\u202f\u00bb.&nbsp;<\/p>\n\n\n\n<p><u>Pour Safari\u202f:&nbsp;<\/u><\/p>\n\n\n\n<p style=\"margin-top:0;margin-bottom:0\">1. Choisissez le menu \u00ab\u202fSafari\u202f\u00bb, puis \u00ab\u202fpr\u00e9f\u00e9rences\u202f\u00bb puis \u00ab\u202fConfidentialit\u00e9\u202f\u00bb&nbsp;<\/p>\n\n\n\n<p style=\"margin-top:0;margin-bottom:0\">2. S\u00e9lectionnez \u00ab\u202frefuser les cookies d\u00e9pos\u00e9s\u202f\u00bb.&nbsp;<\/p>\n\n\n\n<p><u>Pour Opera\u202f:&nbsp;<\/u><\/p>\n\n\n\n<p style=\"margin-top:0;margin-bottom:0\">1. Choisissez le menu \u00ab\u202fpr\u00e9f\u00e9rences\u202f\u00bb, puis \u00ab\u202favanc\u00e9\u202f\u00bb puis \u00ab\u202fcookies\u202f\u00bb&nbsp;<\/p>\n\n\n\n<p style=\"margin-top:0;margin-bottom:0\">2. S\u00e9lectionnez \u00ab\u202fne jamais accepter les cookies\u202f\u00bb&nbsp;<\/p>\n\n\n\n<h3 class=\"wp-block-heading\">Les cookies et les r\u00e9seaux sociaux\u202f?&nbsp;<\/h3>\n\n\n\n<p>Ces cookies visent \u00e0 permettre aux utilisateurs d&#8217;utiliser les fonctionnalit\u00e9s des diff\u00e9rents r\u00e9seaux et notamment de partager des pages et du contenu via ces r\u00e9seaux sociaux tiers.&nbsp;&nbsp;<\/p>\n\n\n\n<p><strong>Pour plus d\u2019informations<\/strong>\u202f: <a href=\"https:\/\/www.cnil.fr\/fr\/cookies-et-traceurs-que-dit-la-loi\" target=\"_blank\" rel=\"noreferrer noopener\">https:\/\/www.cnil.fr\/fr\/cookies-et-traceurs-que-dit-la-loi<\/a>&nbsp;<\/p>\n\n\n\n<p><\/p>","protected":false},"excerpt":{"rendered":"<p>Qu\u2019est-ce qu\u2019un cookie\u202f?&nbsp;&nbsp; Un cookie est un fichier texte d\u00e9pos\u00e9 sur votre disque dur par le serveur du Site. Un cookie ne permet cependant pas de vous identifier. Il cr\u00e9e simplement un num\u00e9ro al\u00e9atoire qui enregistre des informations.&nbsp; Le Site impl\u00e9mente des cookies afin d\u2019analyser et de faciliter votre navigation.&nbsp; Vous pouvez accepter ou refuser [&hellip;]<\/p>","protected":false},"author":1,"featured_media":0,"parent":0,"menu_order":0,"comment_status":"closed","ping_status":"closed","template":"","meta":{"om_disable_all_campaigns":false,"_monsterinsights_skip_tracking":false,"_monsterinsights_sitenote_active":false,"_monsterinsights_sitenote_note":"","_monsterinsights_sitenote_category":0,"footnotes":""},"categories":[9],"tags":[],"class_list":["post-110","page","type-page","status-publish","hentry","category-fr"],"aioseo_notices":[],"_links":{"self":[{"href":"https:\/\/quantiflexsim.com\/fr\/wp-json\/wp\/v2\/pages\/110","targetHints":{"allow":["GET"]}}],"collection":[{"href":"https:\/\/quantiflexsim.com\/fr\/wp-json\/wp\/v2\/pages"}],"about":[{"href":"https:\/\/quantiflexsim.com\/fr\/wp-json\/wp\/v2\/types\/page"}],"author":[{"embeddable":true,"href":"https:\/\/quantiflexsim.com\/fr\/wp-json\/wp\/v2\/users\/1"}],"replies":[{"embeddable":true,"href":"https:\/\/quantiflexsim.com\/fr\/wp-json\/wp\/v2\/comments?post=110"}],"version-history":[{"count":5,"href":"https:\/\/quantiflexsim.com\/fr\/wp-json\/wp\/v2\/pages\/110\/revisions"}],"predecessor-version":[{"id":122,"href":"https:\/\/quantiflexsim.com\/fr\/wp-json\/wp\/v2\/pages\/110\/revisions\/122"}],"wp:attachment":[{"href":"https:\/\/quantiflexsim.com\/fr\/wp-json\/wp\/v2\/media?parent=110"}],"wp:term":[{"taxonomy":"category","embeddable":true,"href":"https:\/\/quantiflexsim.com\/fr\/wp-json\/wp\/v2\/categories?post=110"},{"taxonomy":"post_tag","embeddable":true,"href":"https:\/\/quantiflexsim.com\/fr\/wp-json\/wp\/v2\/tags?post=110"}],"curies":[{"name":"wp","href":"https:\/\/api.w.org\/{rel}","templated":true}]}}