{"id":102,"date":"2025-07-09T22:06:49","date_gmt":"2025-07-09T20:06:49","guid":{"rendered":"https:\/\/quantiflexsim.com\/?page_id=102"},"modified":"2025-07-09T22:06:50","modified_gmt":"2025-07-09T20:06:50","slug":"terms-conditions","status":"publish","type":"page","link":"https:\/\/quantiflexsim.com\/fr\/terms-conditions\/","title":{"rendered":"Mentions l\u00e9gales et conditions g\u00e9n\u00e9rales"},"content":{"rendered":"<p>La consultation du site internet <a href=\"https:\/\/quantiflexsim.com\/fr\/\" target=\"_blank\" rel=\"noreferrer noopener\">https:\/\/quantiflexsim.com\/<\/a> (ci-apr\u00e8s le Site) est subordonn\u00e9e \u00e0 l\u2019acceptation int\u00e9grale et au respect par les internautes, des conditions d\u2019utilisation suivantes.&nbsp;&nbsp;&nbsp;<\/p>\n\n\n\n<p>L\u2019internaute s\u2019engage d\u2019ores et d\u00e9j\u00e0 \u00e0 faire des informations contenues sur le Site un usage personnel et non commercial. En cas de non-respect des pr\u00e9sentes dispositions par l\u2019internaute, sa responsabilit\u00e9 pourrait se voir engag\u00e9e.&nbsp;<\/p>\n\n\n\n<h2 class=\"wp-block-heading\">Identification et publication<\/h2>\n\n\n\n<p><strong><u>Informations sur l\u2019\u00e9diteur du site web<\/u><\/strong>\u202f:&nbsp;&nbsp;<\/p>\n\n\n\n<p style=\"margin-top:var(--wp--preset--spacing--x-small);margin-right:0;margin-bottom:0;margin-left:0\">La soci\u00e9t\u00e9 QUANTIFLEX SIMULATIONS (ci-apr\u00e8s le \u00ab\u202fQUANTIFLEX SIMULATIONS\u202f\u00bb)&nbsp;<\/p>\n\n\n\n<p style=\"margin-top:0;margin-bottom:0\">Soci\u00e9t\u00e9 par actions simplifi\u00e9e&nbsp;&nbsp;<\/p>\n\n\n\n<p style=\"margin-top:0;margin-bottom:0\">1 Rue de la No\u00eb, 44300 Nantes, France&nbsp;<\/p>\n\n\n\n<p style=\"margin-top:0;margin-bottom:0\">Immatricul\u00e9e au RCS de Nantes sous le num\u00e9ro 937\u202f962 496&nbsp;<\/p>\n\n\n\n<p style=\"margin-top:0;margin-bottom:0\">Adresse \u00e9lectronique\u202f: <a href=\"mailto:paris.mulye@quantiflexsim.com\" target=\"_blank\" rel=\"noreferrer noopener\">paris.mulye@quantiflexsim.com<\/a>&nbsp;&nbsp;<\/p>\n\n\n\n<p style=\"margin-top:0;margin-bottom:0\">TVA intercommunautaire\u202f: FR47937962496&nbsp;<\/p>\n\n\n\n<p style=\"margin-top:0;margin-bottom:0\">APE\u202f: 6201Z \u2013 Programmation informatique&nbsp;&nbsp;<\/p>\n\n\n\n<p><strong><u>Informations sur l\u2019h\u00e9bergeur<\/u><\/strong>\u202f:&nbsp;&nbsp;<\/p>\n\n\n\n<p style=\"margin-top:var(--wp--preset--spacing--x-small)\">Le Site est h\u00e9berg\u00e9 en France par OVH, 2 rue Kellermann, 59100 Roubaix.&nbsp;&nbsp;<\/p>\n\n\n\n<p><strong><u>\u00c9diteur du Site et responsable de publication<\/u><\/strong>\u202f:&nbsp;&nbsp;<\/p>\n\n\n\n<p style=\"margin-top:var(--wp--preset--spacing--x-small)\">Directeur de la publication\u202f: Monsieur Paris MULYE&nbsp;<\/p>\n\n\n\n<p style=\"margin-top:0;margin-bottom:0\">Adresse \u00e9lectronique\u202f: <a href=\"mailto:paris.mulye@quantiflexsim.com\" target=\"_blank\" rel=\"noreferrer noopener\">paris.mulye@quantiflexsim.com<\/a>&nbsp; &nbsp;<\/p>\n\n\n\n<p>Le Site est la propri\u00e9t\u00e9 exclusive de QUANTIFLEX SIMULATIONS &nbsp;<\/p>\n\n\n\n<p style=\"margin-top:var(--wp--preset--spacing--x-small)\">Il a \u00e9t\u00e9 con\u00e7u et r\u00e9alis\u00e9 par\u202f:&nbsp;<\/p>\n\n\n\n<p style=\"margin-top:0;margin-bottom:0\">\u00e9quipe de QUANTIFLEX SIMULATIONS&nbsp;<\/p>\n\n\n\n<p style=\"margin-top:0;margin-bottom:0\">Adresse postale\u202f: 1 Rue de la No\u00eb, 44300 Nantes, France&nbsp;<\/p>\n\n\n\n<p><\/p>\n\n\n\n<h2 class=\"wp-block-heading\">Contenu du site\u202f:<\/h2>\n\n\n\n<p>Le Site, exploit\u00e9 par QUANTIFLEX SIMULATIONS, propose notamment des prestations de d\u00e9veloppement informatique en lien avec la simulation num\u00e9rique. Le Site pr\u00e9sente en d\u00e9tail les prestations propos\u00e9es.&nbsp;&nbsp;<\/p>\n\n\n\n<h2 class=\"wp-block-heading\">Propri\u00e9t\u00e9 intellectuelle<\/h2>\n\n\n\n<p><strong><u>Droit d\u2019auteur&nbsp;<\/u><\/strong>&nbsp;<\/p>\n\n\n\n<p>Le Site constitue une \u0153uvre originale et QUANTIFLEX SIMULATIONS est titulaire des droits d\u2019auteur sur celle-ci, au regard des articles L.111-1 et suivants du Code de la propri\u00e9t\u00e9 intellectuelle.&nbsp;<\/p>\n\n\n\n<p>Il est rappel\u00e9 que toutes images, vid\u00e9o, textes ou \u00e9l\u00e9ments graphiques contenus sur le pr\u00e9sent Site peuvent constituer des \u0153uvres de l\u2019esprit, b\u00e9n\u00e9ficiant ainsi de la protection au titre du droit d\u2019auteur, selon les dispositions du m\u00eame Code.&nbsp;&nbsp;<\/p>\n\n\n\n<p>Toute repr\u00e9sentation ou reproduction, totale ou partielle, permanente ou temporaire, sur un support informatique et\/ou papier, et par quelque proc\u00e9d\u00e9 que ce soit (notamment par voie de framing), de l\u2019un ou l\u2019autre des \u00e9l\u00e9ments du Site, sans l\u2019accord pr\u00e9alable et expr\u00e8s de QUANTIFLEX SIMULATIONS, est interdite et constitue un acte de contrefa\u00e7on, qui pourra entra\u00eener des condamnations civiles et\/ou p\u00e9nales, selon les articles L.331-1 et suivants du et L.335-2 et suivants du Code de la propri\u00e9t\u00e9 intellectuelle, sous r\u00e9serve exceptions mentionn\u00e9es \u00e0 l\u2019article L.122-5 de ce m\u00eame Code.&nbsp;&nbsp;&nbsp;<\/p>\n\n\n\n<p><strong><u>Droit des marques&nbsp;<\/u><\/strong>&nbsp;<\/p>\n\n\n\n<p>Les \u00e9ventuelles marques de QUANTIFLEX SIMULATIONS et celles de ses partenaires ou clients, ainsi que les logos figurant sur le Site, leur conf\u00e8rent une exclusivit\u00e9 d\u2019exploitation de ceux-ci. Toute reproduction totale ou partielle, voire imitation, de ces marques ou logos, effectu\u00e9e \u00e0 partir des \u00e9l\u00e9ments du Site, sans l\u2019autorisation expresse de QUANTIFLEX SIMULATIONS, est donc prohib\u00e9e au sens des articles L.713-2 et L.713-2 du Code de la propri\u00e9t\u00e9 intellectuelle.&nbsp;&nbsp;&nbsp;<\/p>\n\n\n\n<p><strong><u>Liens hypertextes&nbsp;<\/u><\/strong>&nbsp;<\/p>\n\n\n\n<p>L\u2019\u00e9tablissement de liens hypertextes vers le Site ou l\u2019un des \u00e9l\u00e9ments n\u00e9cessite une autorisation pr\u00e9alable et \u00e9crite de QUANTIFLEX SIMULATIONS.&nbsp;&nbsp;<\/p>\n\n\n\n<h2 class=\"wp-block-heading\">Protection des donn\u00e9es personnelles et cookies<\/h2>\n\n\n\n<p>Dans le cadre de l\u2019utilisation du Site notamment, QUANTIFLEX SIMULATIONS est amen\u00e9e \u00e0 op\u00e9rer des traitements de donn\u00e9es \u00e0 caract\u00e8re personnel.&nbsp;&nbsp;<\/p>\n\n\n\n<p>QUANTIFLEX SIMULATIONS respecte \u00e0 ce titre les dispositions du RGPD (R\u00e8glement (UE) 2016\/679 du Parlement europ\u00e9en et du Conseil du 27 avril 2016 relatif \u00e0 la protection des personnes physiques \u00e0 l\u2019\u00e9gard du traitement des donn\u00e9es \u00e0 caract\u00e8re personnel et \u00e0 la libre circulation de ces donn\u00e9es) et celles de la loi du 6 janvier 1978 dite Loi informatique et Libert\u00e9s modifi\u00e9e.&nbsp;<\/p>\n\n\n\n<p>Pour en savoir plus\u202f:&nbsp;&nbsp;<\/p>\n\n\n\n<ul class=\"wp-block-list\">\n<li>Sur la politique de protection des donn\u00e9es personnelles\u202f: <a href=\"https:\/\/quantiflexsim.com\/fr\/privacy-policy\/\" title=\"\">https:\/\/quantiflexsim.com\/privacy-policy<\/a><\/li>\n\n\n\n<li>Sur l\u2019utilisation des cookies\u202f: <a href=\"https:\/\/quantiflexsim.com\/fr\/cookies\/\">https:\/\/quantiflexsim.com\/cookies<\/a><\/li>\n<\/ul>\n\n\n\n<p>Pour toute information suppl\u00e9mentaire, l\u2019internaute peut se rendre sur le site de la CNIL <a href=\"http:\/\/www.cnil.fr\" target=\"_blank\" rel=\"noreferrer noopener\">www.cnil.fr<\/a>.&nbsp;&nbsp;<\/p>\n\n\n\n<h2 class=\"wp-block-heading\">Traitement des donn\u00e9es personnelles apr\u00e8s la mort<\/h2>\n\n\n\n<p>Conform\u00e9ment \u00e0 l\u2019article 48 de la LIL, l\u2019internaute est inform\u00e9 qu\u2019il peut communiquer \u00e0 QUANTIFLEX SIMULATIONS les directives qu\u2019il souhaite voir appliquer pour g\u00e9rer ses donn\u00e9es personnelles apr\u00e8s sa mort. Les directives peuvent \u00eatre envoy\u00e9es par courriel \u00e0 <a>paris.mulye@quantiflexsim.com<\/a>.&nbsp;&nbsp;<\/p>\n\n\n\n<h2 class=\"wp-block-heading\">Responsabilit\u00e9<\/h2>\n\n\n\n<p>L\u2019internaute est seul responsable de l\u2019utilisation qu\u2019il fait du contenu du Site et du contenu qu\u2019il publie.&nbsp;&nbsp;<\/p>\n\n\n\n<p>Sauf faute grave et exclusive de QUANTIFLEX SIMULATIONS, sa responsabilit\u00e9 ne peut \u00eatre engag\u00e9e pour des dommages directs et indirects li\u00e9s \u00e0 l\u2019utilisation des informations produites sur le Site.&nbsp;<\/p>\n\n\n\n<p><strong><u>Fonctionnement du Site&nbsp;<\/u><\/strong>&nbsp;<\/p>\n\n\n\n<p>QUANTIFLEX SIMULATIONS d\u00e9cline toute responsabilit\u00e9 quant aux \u00e9ventuels dysfonctionnements pouvant survenir sur le Site et entra\u00eener une perte de donn\u00e9es ou une indisponibilit\u00e9 de l\u2019acc\u00e8s aux informations produites sur celui-ci.&nbsp;&nbsp;&nbsp;<\/p>\n\n\n\n<p><strong><u>Contenu du Site&nbsp;<\/u><\/strong>&nbsp;<\/p>\n\n\n\n<p>Les \u00e9l\u00e9ments pr\u00e9sent\u00e9s sur le Site sont susceptibles de modification, sans pr\u00e9avis, et sont mis \u00e0 disposition des internautes, sans aucune garantie d\u2019aucune sorte, expresse ou tacite.&nbsp;&nbsp;<\/p>\n\n\n\n<p>QUANTIFLEX SIMULATIONS ne peut garantir l\u2019exhaustivit\u00e9 et la v\u00e9racit\u00e9 des informations sur le Site. De la m\u00eame mani\u00e8re, il ne peut garantir l\u2019absence de modification par un tiers (intrusion, virus).&nbsp;&nbsp;<\/p>\n\n\n\n<p><strong><u>Pr\u00e9sence de liens hypertextes<\/u><\/strong>&nbsp;<\/p>\n\n\n\n<p>QUANTIFLEX SIMULATIONS n\u2019est en aucun cas responsable du contenu ainsi que des produits ou services propos\u00e9s sur les sites internet auxquels le Site se trouverait li\u00e9 par des liens hypertextes ou tout autre type de lien. La pr\u00e9sence de liens hypertextes sur le Site, quelle que soit l\u2019existence pr\u00e9alable ou non de l\u2019accord de QUANTIFLEX SIMULATIONS, ne cr\u00e9\u00e9 pas une solidarit\u00e9 entre celle-ci et les propri\u00e9taires des autres sites, quant au contenu des sites sur lesquels l\u2019internaute est redirig\u00e9.&nbsp;&nbsp;<\/p>\n\n\n\n<h2 class=\"wp-block-heading\">Contact<\/h2>\n\n\n\n<p>Vous pouvez prendre contact avec QUANTIFLEX SIMULATIONS via la rubrique \u00ab\u202fContact\u202f\u00bb du Site, en envoyant un courriel \u00e0 <a>paris.mulye@quantiflexsim.com<\/a> ou en envoyant un courrier \u00e0 l\u2019adresse postale indiqu\u00e9e ci-dessus.&nbsp;&nbsp;<\/p>\n\n\n\n<h2 class=\"wp-block-heading\">Droit applicable<\/h2>\n\n\n\n<p>L\u2019ensemble des informations diffus\u00e9es sur le Site et l\u2019utilisation qui en est faite sont soumis exclusivement au droit fran\u00e7ais.&nbsp;&nbsp;<\/p>\n\n\n\n<p><\/p>","protected":false},"excerpt":{"rendered":"<p>La consultation du site internet https:\/\/quantiflexsim.com\/ (ci-apr\u00e8s le Site) est subordonn\u00e9e \u00e0 l\u2019acceptation int\u00e9grale et au respect par les internautes, des conditions d\u2019utilisation suivantes.&nbsp;&nbsp;&nbsp; L\u2019internaute s\u2019engage d\u2019ores et d\u00e9j\u00e0 \u00e0 faire des informations contenues sur le Site un usage personnel et non commercial. En cas de non-respect des pr\u00e9sentes dispositions par l\u2019internaute, sa responsabilit\u00e9 pourrait [&hellip;]<\/p>","protected":false},"author":1,"featured_media":0,"parent":0,"menu_order":0,"comment_status":"closed","ping_status":"closed","template":"","meta":{"om_disable_all_campaigns":false,"_monsterinsights_skip_tracking":false,"_monsterinsights_sitenote_active":false,"_monsterinsights_sitenote_note":"","_monsterinsights_sitenote_category":0,"footnotes":""},"categories":[9],"tags":[],"class_list":["post-102","page","type-page","status-publish","hentry","category-fr"],"aioseo_notices":[],"_links":{"self":[{"href":"https:\/\/quantiflexsim.com\/fr\/wp-json\/wp\/v2\/pages\/102","targetHints":{"allow":["GET"]}}],"collection":[{"href":"https:\/\/quantiflexsim.com\/fr\/wp-json\/wp\/v2\/pages"}],"about":[{"href":"https:\/\/quantiflexsim.com\/fr\/wp-json\/wp\/v2\/types\/page"}],"author":[{"embeddable":true,"href":"https:\/\/quantiflexsim.com\/fr\/wp-json\/wp\/v2\/users\/1"}],"replies":[{"embeddable":true,"href":"https:\/\/quantiflexsim.com\/fr\/wp-json\/wp\/v2\/comments?post=102"}],"version-history":[{"count":5,"href":"https:\/\/quantiflexsim.com\/fr\/wp-json\/wp\/v2\/pages\/102\/revisions"}],"predecessor-version":[{"id":125,"href":"https:\/\/quantiflexsim.com\/fr\/wp-json\/wp\/v2\/pages\/102\/revisions\/125"}],"wp:attachment":[{"href":"https:\/\/quantiflexsim.com\/fr\/wp-json\/wp\/v2\/media?parent=102"}],"wp:term":[{"taxonomy":"category","embeddable":true,"href":"https:\/\/quantiflexsim.com\/fr\/wp-json\/wp\/v2\/categories?post=102"},{"taxonomy":"post_tag","embeddable":true,"href":"https:\/\/quantiflexsim.com\/fr\/wp-json\/wp\/v2\/tags?post=102"}],"curies":[{"name":"wp","href":"https:\/\/api.w.org\/{rel}","templated":true}]}}